{"id":495,"date":"2025-12-29T02:44:37","date_gmt":"2025-12-29T02:44:37","guid":{"rendered":"https:\/\/cms2517.commu.isfsc.be\/?page_id=495"},"modified":"2025-12-29T03:53:37","modified_gmt":"2025-12-29T03:53:37","slug":"portfolio","status":"publish","type":"page","link":"https:\/\/cms2517.commu.isfsc.be\/index.php\/portfolio\/","title":{"rendered":"Portfolio"},"content":{"rendered":"<p>[et_pb_section fb_built=\u00a0\u00bb1&Prime; admin_label=\u00a0\u00bbHeader &#038; Collections\u00a0\u00bb _builder_version=\u00a0\u00bb4.27.5&Prime; _module_preset=\u00a0\u00bbdefault\u00a0\u00bb background_color=\u00a0\u00bbgcid-f6d37c03-5d24-466a-817a-5f8f247bddac\u00a0\u00bb background_enable_pattern_style=\u00a0\u00bbon\u00a0\u00bb background_pattern_style=\u00a0\u00bbscallops\u00a0\u00bb locked=\u00a0\u00bboff\u00a0\u00bb collapsed=\u00a0\u00bbon\u00a0\u00bb global_colors_info=\u00a0\u00bb{%22gcid-f6d37c03-5d24-466a-817a-5f8f247bddac%22:%91%22background_color%22%93}\u00a0\u00bb][et_pb_row _builder_version=\u00a0\u00bb4.24.2&Prime; _module_preset=\u00a0\u00bbdefault\u00a0\u00bb global_colors_info=\u00a0\u00bb{}\u00a0\u00bb][et_pb_column type=\u00a0\u00bb4_4&Prime; _builder_version=\u00a0\u00bb4.24.2&Prime; _module_preset=\u00a0\u00bbdefault\u00a0\u00bb global_colors_info=\u00a0\u00bb{}\u00a0\u00bb][et_pb_text _builder_version=\u00a0\u00bb4.27.5&Prime; _module_preset=\u00a0\u00bb59e38329-d473-41a0-b356-dfbfb905be01&Prime; header_font=\u00a0\u00bbAmiri|||on|||||\u00a0\u00bb header_text_align=\u00a0\u00bbcenter\u00a0\u00bb header_text_color=\u00a0\u00bb#b2b2b2&Prime; global_colors_info=\u00a0\u00bb{}\u00a0\u00bb]<\/p>\n<h1>NOS projets<\/h1>\n<p>[\/et_pb_text][\/et_pb_column][\/et_pb_row][et_pb_row column_structure=\u00a0\u00bb1_2,1_2&Prime; custom_padding_last_edited=\u00a0\u00bbon|tablet\u00a0\u00bb _builder_version=\u00a0\u00bb4.24.2&Prime; _module_preset=\u00a0\u00bbdefault\u00a0\u00bb custom_padding_tablet=\u00a0\u00bb||0px||false|false\u00a0\u00bb custom_padding_phone=\u00a0\u00bb||0px||false|false\u00a0\u00bb global_colors_info=\u00a0\u00bb{}\u00a0\u00bb][et_pb_column type=\u00a0\u00bb1_2&Prime; _builder_version=\u00a0\u00bb4.24.2&Prime; _module_preset=\u00a0\u00bbdefault\u00a0\u00bb background_color=\u00a0\u00bbgcid-f6d37c03-5d24-466a-817a-5f8f247bddac\u00a0\u00bb global_colors_info=\u00a0\u00bb{%22gcid-f6d37c03-5d24-466a-817a-5f8f247bddac%22:%91%22background_color%22%93}\u00a0\u00bb background__hover_enabled=\u00a0\u00bbon|desktop\u00a0\u00bb background_color__hover=\u00a0\u00bbRGBA(255,255,255,0)\u00a0\u00bb background_enable_color__hover=\u00a0\u00bbon\u00a0\u00bb][et_pb_image src=\u00a0\u00bbhttps:\/\/cms2517.commu.isfsc.be\/wp-content\/uploads\/2025\/12\/Affiche-A3-JPEG-1.jpg\u00a0\u00bb title_text=\u00a0\u00bbAffiche A3 JPEG\u00a0\u00bb _builder_version=\u00a0\u00bb4.27.5&Prime; _module_preset=\u00a0\u00bbdefault\u00a0\u00bb global_colors_info=\u00a0\u00bb{}\u00a0\u00bb][\/et_pb_image][et_pb_toggle title=\u00a0\u00bbF\u00e4rm arrive en Flandre !\u00a0\u00bb open_toggle_text_color=\u00a0\u00bb#00273d\u00a0\u00bb open_toggle_background_color=\u00a0\u00bbrgba(178,178,178,0.76)\u00a0\u00bb closed_toggle_background_color=\u00a0\u00bbrgba(178,178,178,0.81)\u00a0\u00bb _builder_version=\u00a0\u00bb4.27.5&Prime; _module_preset=\u00a0\u00bbdefault\u00a0\u00bb title_text_color=\u00a0\u00bb#00273d\u00a0\u00bb title_font=\u00a0\u00bbAmiri||||||||\u00a0\u00bb title_text_align=\u00a0\u00bbleft\u00a0\u00bb title_font_size=\u00a0\u00bb29px\u00a0\u00bb body_font=\u00a0\u00bbAmiri||on||||||\u00a0\u00bb body_text_align=\u00a0\u00bbjustify\u00a0\u00bb body_text_color=\u00a0\u00bb#00273d\u00a0\u00bb body_font_size=\u00a0\u00bb19px\u00a0\u00bb body_line_height=\u00a0\u00bb1.2em\u00a0\u00bb global_colors_info=\u00a0\u00bb{}\u00a0\u00bb]<\/p>\n<p>Cette ann\u00e9e, nous avons d\u00e9velopp\u00e9 une campagne de communication 360 pour F\u00e4rm, dans le cadre de la reprise des magasins Ekoplaza en Flandre et de leur int\u00e9gration au r\u00e9seau F\u00e4rm. L\u2019enjeu principal \u00e9tait de rendre cette transition compr\u00e9hensible et rassurante, tout en conservant une image coh\u00e9rente sur l\u2019ensemble des points de contact. Pour poser une base solide, nous avons r\u00e9alis\u00e9 un audit des r\u00e9seaux sociaux ainsi qu\u2019une analyse de la concurrence afin d\u2019identifier les opportunit\u00e9s, les attentes du public et les axes de diff\u00e9renciation. Sur cette base, nous avons d\u00e9fini un concept cr\u00e9atif, une direction de ton et des messages cl\u00e9s, puis d\u00e9clin\u00e9 la campagne sur plusieurs canaux. Nous avons produit des supports digitaux et print, ainsi que des \u00e9l\u00e9ments d\u2019affichage, pens\u00e9s pour fonctionner ensemble et raconter la m\u00eame histoire, quel que soit le format. Le r\u00e9sultat est une campagne structur\u00e9e et coh\u00e9rente, pr\u00eate \u00e0 \u00eatre activ\u00e9e, qui transforme une \u00e9volution de r\u00e9seau en un message clair et ma\u00eetris\u00e9.<\/p>\n<p>[\/et_pb_toggle][\/et_pb_column][et_pb_column type=\u00a0\u00bb1_2&Prime; _builder_version=\u00a0\u00bb4.24.2&Prime; _module_preset=\u00a0\u00bbdefault\u00a0\u00bb background_color=\u00a0\u00bbgcid-f6d37c03-5d24-466a-817a-5f8f247bddac\u00a0\u00bb global_colors_info=\u00a0\u00bb{%22gcid-f6d37c03-5d24-466a-817a-5f8f247bddac%22:%91%22background_color%22%93}\u00a0\u00bb background_color__hover=\u00a0\u00bbRGBA(255,255,255,0)\u00a0\u00bb background__hover_enabled=\u00a0\u00bbon|desktop\u00a0\u00bb background_enable_color__hover=\u00a0\u00bbon\u00a0\u00bb][et_pb_image src=\u00a0\u00bbhttps:\/\/cms2517.commu.isfsc.be\/wp-content\/uploads\/2025\/12\/Photo-finales-retouchees-3-scaled.jpg\u00a0\u00bb title_text=\u00a0\u00bbPhoto finales retouch\u00e9es-3&Prime; _builder_version=\u00a0\u00bb4.27.5&Prime; _module_preset=\u00a0\u00bbdefault\u00a0\u00bb min_height=\u00a0\u00bb237.3px\u00a0\u00bb global_colors_info=\u00a0\u00bb{}\u00a0\u00bb][\/et_pb_image][et_pb_image src=\u00a0\u00bbhttps:\/\/cms2517.commu.isfsc.be\/wp-content\/uploads\/2025\/12\/Photo-finales-retouchees-2-scaled.jpg\u00a0\u00bb title_text=\u00a0\u00bbPhoto finales retouch\u00e9es-2&Prime; _builder_version=\u00a0\u00bb4.27.5&Prime; _module_preset=\u00a0\u00bbdefault\u00a0\u00bb global_colors_info=\u00a0\u00bb{}\u00a0\u00bb][\/et_pb_image][et_pb_toggle title=\u00a0\u00bbSofsole, THE waterproofer\u00a0\u00bb open_toggle_text_color=\u00a0\u00bb#00273d\u00a0\u00bb open_toggle_background_color=\u00a0\u00bbrgba(178,178,178,0.76)\u00a0\u00bb closed_toggle_background_color=\u00a0\u00bbrgba(178,178,178,0.81)\u00a0\u00bb _builder_version=\u00a0\u00bb4.27.5&Prime; _module_preset=\u00a0\u00bbdefault\u00a0\u00bb title_text_color=\u00a0\u00bb#00273d\u00a0\u00bb title_font=\u00a0\u00bbAmiri||||||||\u00a0\u00bb title_text_align=\u00a0\u00bbleft\u00a0\u00bb title_font_size=\u00a0\u00bb29px\u00a0\u00bb body_font=\u00a0\u00bbAmiri||on||||||\u00a0\u00bb body_text_align=\u00a0\u00bbjustify\u00a0\u00bb body_text_color=\u00a0\u00bb#00273d\u00a0\u00bb body_font_size=\u00a0\u00bb19px\u00a0\u00bb body_line_height=\u00a0\u00bb1.2em\u00a0\u00bb global_colors_info=\u00a0\u00bb{}\u00a0\u00bb]<\/p>\n<p data-start=\"167\" data-end=\"537\">SOFSOLE est une marque sp\u00e9cialis\u00e9e dans les accessoires et l\u2019entretien pour chaussures, dont un spray imperm\u00e9abilisant destin\u00e9 \u00e0 prot\u00e9ger les chaussures au quotidien. Le projet consistait \u00e0 mettre en valeur le produit \u00e0 travers une s\u00e9rie de visuels, en insistant sur son utilit\u00e9, sa simplicit\u00e9 d\u2019usage et son efficacit\u00e9.<\/p>\n<p data-start=\"539\" data-end=\"848\">Nous avons travaill\u00e9 sur une approche visuelle claire et directe, en mettant le produit au centre de la composition et en jouant sur des prises de vue propres et lisibles. L\u2019objectif \u00e9tait de cr\u00e9er des images facilement exploitables sur diff\u00e9rents supports, notamment pour le digital et les r\u00e9seaux sociaux.<\/p>\n<p data-start=\"850\" data-end=\"1030\" data-is-last-node=\"\" data-is-only-node=\"\">Le r\u00e9sultat est une s\u00e9rie de visuels coh\u00e9rents, ax\u00e9s sur le produit et son b\u00e9n\u00e9fice principal \u2014 la protection \u2014 tout en respectant l\u2019univers fonctionnel et accessible de la marque.<\/p>\n<p>[\/et_pb_toggle][\/et_pb_column][\/et_pb_row][et_pb_row column_structure=\u00a0\u00bb1_2,1_2&Prime; custom_padding_last_edited=\u00a0\u00bbon|desktop\u00a0\u00bb _builder_version=\u00a0\u00bb4.24.2&Prime; _module_preset=\u00a0\u00bbdefault\u00a0\u00bb custom_padding_tablet=\u00a0\u00bb||0px||false|false\u00a0\u00bb custom_padding_phone=\u00a0\u00bb||0px||false|false\u00a0\u00bb global_colors_info=\u00a0\u00bb{}\u00a0\u00bb][et_pb_column type=\u00a0\u00bb1_2&Prime; _builder_version=\u00a0\u00bb4.24.2&Prime; _module_preset=\u00a0\u00bbdefault\u00a0\u00bb background_color=\u00a0\u00bbgcid-f6d37c03-5d24-466a-817a-5f8f247bddac\u00a0\u00bb global_colors_info=\u00a0\u00bb{%22gcid-f6d37c03-5d24-466a-817a-5f8f247bddac%22:%91%22background_color%22%93}\u00a0\u00bb background_color__hover=\u00a0\u00bbRGBA(255,255,255,0)\u00a0\u00bb background__hover_enabled=\u00a0\u00bbon|desktop\u00a0\u00bb background_enable_color__hover=\u00a0\u00bbon\u00a0\u00bb][et_pb_image src=\u00a0\u00bbhttps:\/\/cms2517.commu.isfsc.be\/wp-content\/uploads\/2025\/12\/chinese-restaurant-12-1.jpg\u00a0\u00bb title_text=\u00a0\u00bbchinese-restaurant-12-1&Prime; _builder_version=\u00a0\u00bb4.27.5&Prime; _module_preset=\u00a0\u00bbdefault\u00a0\u00bb global_colors_info=\u00a0\u00bb{}\u00a0\u00bb][\/et_pb_image][et_pb_toggle title=\u00a0\u00bbBao Street\u00a0\u00bb open_toggle_text_color=\u00a0\u00bb#00273d\u00a0\u00bb open_toggle_background_color=\u00a0\u00bbrgba(178,178,178,0.76)\u00a0\u00bb closed_toggle_background_color=\u00a0\u00bbrgba(178,178,178,0.81)\u00a0\u00bb _builder_version=\u00a0\u00bb4.27.5&Prime; _module_preset=\u00a0\u00bbdefault\u00a0\u00bb title_text_color=\u00a0\u00bb#00273d\u00a0\u00bb title_font=\u00a0\u00bbAmiri||||||||\u00a0\u00bb title_text_align=\u00a0\u00bbleft\u00a0\u00bb title_font_size=\u00a0\u00bb29px\u00a0\u00bb body_font=\u00a0\u00bbAmiri||on||||||\u00a0\u00bb body_text_align=\u00a0\u00bbjustify\u00a0\u00bb body_text_color=\u00a0\u00bb#00273d\u00a0\u00bb body_font_size=\u00a0\u00bb19px\u00a0\u00bb body_line_height=\u00a0\u00bb1.2em\u00a0\u00bb global_colors_info=\u00a0\u00bb{}\u00a0\u00bb]<\/p>\n<p data-start=\"140\" data-end=\"547\">Bao Street est un concept de restauration asiatique proposant une cuisine vapeur moderne et accessible, centr\u00e9e sur des produits simples et des recettes authentiques. Le projet avait pour objectif de cr\u00e9er une identit\u00e9 visuelle reconnaissable et des visuels capables de mettre en valeur les plats, notamment les gyozas et autres sp\u00e9cialit\u00e9s vapeur.<\/p>\n<p data-start=\"549\" data-end=\"881\">Nous avons travaill\u00e9 une direction cr\u00e9ative chaleureuse et minimaliste, en mettant l\u2019accent sur la texture, la couleur et la gourmandise des plats. Les visuels ont \u00e9t\u00e9 pens\u00e9s pour \u00eatre utilis\u00e9s sur les r\u00e9seaux sociaux et les supports digitaux, avec une attention particuli\u00e8re port\u00e9e \u00e0 la lisibilit\u00e9 et \u00e0 la coh\u00e9rence de l\u2019univers.<\/p>\n<p data-start=\"883\" data-end=\"1044\">Le r\u00e9sultat est une communication visuelle app\u00e9tissante et coh\u00e9rente, qui valorise le produit tout en donnant une image contemporaine et identifiable du concept.<\/p>\n<p>[\/et_pb_toggle][\/et_pb_column][et_pb_column type=\u00a0\u00bb1_2&Prime; _builder_version=\u00a0\u00bb4.24.2&Prime; _module_preset=\u00a0\u00bbdefault\u00a0\u00bb background_color=\u00a0\u00bbgcid-f6d37c03-5d24-466a-817a-5f8f247bddac\u00a0\u00bb global_colors_info=\u00a0\u00bb{%22gcid-f6d37c03-5d24-466a-817a-5f8f247bddac%22:%91%22background_color%22%93}\u00a0\u00bb background_color__hover=\u00a0\u00bbRGBA(255,255,255,0)\u00a0\u00bb background__hover_enabled=\u00a0\u00bbon|desktop\u00a0\u00bb background_enable_color__hover=\u00a0\u00bbon\u00a0\u00bb][et_pb_image src=\u00a0\u00bbhttps:\/\/cms2517.commu.isfsc.be\/wp-content\/uploads\/2025\/12\/fashion-designer-28.jpg\u00a0\u00bb title_text=\u00a0\u00bbfashion-designer-28&Prime; _builder_version=\u00a0\u00bb4.27.5&Prime; _module_preset=\u00a0\u00bbdefault\u00a0\u00bb global_colors_info=\u00a0\u00bb{}\u00a0\u00bb][\/et_pb_image][et_pb_toggle title=\u00a0\u00bbVerd\u00e9a\u00a0\u00bb open_toggle_text_color=\u00a0\u00bb#00273d\u00a0\u00bb open_toggle_background_color=\u00a0\u00bbrgba(178,178,178,0.76)\u00a0\u00bb closed_toggle_background_color=\u00a0\u00bbrgba(178,178,178,0.81)\u00a0\u00bb _builder_version=\u00a0\u00bb4.27.5&Prime; _module_preset=\u00a0\u00bbdefault\u00a0\u00bb title_text_color=\u00a0\u00bb#00273d\u00a0\u00bb title_font=\u00a0\u00bbAmiri||||||||\u00a0\u00bb title_text_align=\u00a0\u00bbleft\u00a0\u00bb title_font_size=\u00a0\u00bb29px\u00a0\u00bb body_font=\u00a0\u00bbAmiri||on||||||\u00a0\u00bb body_text_align=\u00a0\u00bbjustify\u00a0\u00bb body_text_color=\u00a0\u00bb#00273d\u00a0\u00bb body_font_size=\u00a0\u00bb19px\u00a0\u00bb body_line_height=\u00a0\u00bb1.2em\u00a0\u00bb global_colors_info=\u00a0\u00bb{}\u00a0\u00bb]<\/p>\n<p data-start=\"125\" data-end=\"463\">Verd\u00e9a est un projet autour du v\u00e9g\u00e9tal et du bien-\u00eatre, m\u00ealant plantes, nature et mode de vie plus responsable. L\u2019objectif \u00e9tait de cr\u00e9er une identit\u00e9 visuelle douce et organique, capable de transmettre une sensation de calme, de fra\u00eecheur et de proximit\u00e9 avec la nature.<\/p>\n<p data-start=\"465\" data-end=\"783\">Nous avons travaill\u00e9 une direction artistique inspir\u00e9e du monde v\u00e9g\u00e9tal, avec des teintes naturelles, une typographie simple et des visuels mettant la plante au centre de la composition. Les supports ont \u00e9t\u00e9 pens\u00e9s pour le digital et le print, afin d\u2019assurer une communication coh\u00e9rente et facilement reconnaissable.<\/p>\n<p data-start=\"785\" data-end=\"928\">Le r\u00e9sultat est une identit\u00e9 \u00e9pur\u00e9e et apaisante, qui valorise le produit et son univers tout en cr\u00e9ant une connexion imm\u00e9diate avec le public.<\/p>\n<p>[\/et_pb_toggle][\/et_pb_column][\/et_pb_row][\/et_pb_section][et_pb_section fb_built=\u00a0\u00bb1&Prime; admin_label=\u00a0\u00bbCall to Action\u00a0\u00bb _builder_version=\u00a0\u00bb4.24.2&Prime; _module_preset=\u00a0\u00bbdefault\u00a0\u00bb background_color=\u00a0\u00bbgcid-f6d37c03-5d24-466a-817a-5f8f247bddac\u00a0\u00bb locked=\u00a0\u00bboff\u00a0\u00bb collapsed=\u00a0\u00bbon\u00a0\u00bb global_colors_info=\u00a0\u00bb{%22gcid-f6d37c03-5d24-466a-817a-5f8f247bddac%22:%91%22background_color%22%93}\u00a0\u00bb][et_pb_row column_structure=\u00a0\u00bb1_3,2_3&Prime; _builder_version=\u00a0\u00bb4.24.2&Prime; _module_preset=\u00a0\u00bbdefault\u00a0\u00bb global_colors_info=\u00a0\u00bb{}\u00a0\u00bb][et_pb_column type=\u00a0\u00bb1_3&Prime; _builder_version=\u00a0\u00bb4.24.2&Prime; _module_preset=\u00a0\u00bbdefault\u00a0\u00bb z_index=\u00a0\u00bb10&Prime; custom_padding=\u00a0\u00bb210px||||false|false\u00a0\u00bb custom_padding_tablet=\u00a0\u00bb0vw||||false|false\u00a0\u00bb custom_padding_phone=\u00a0\u00bb0px||||false|false\u00a0\u00bb custom_padding_last_edited=\u00a0\u00bbon|tablet\u00a0\u00bb global_colors_info=\u00a0\u00bb{}\u00a0\u00bb][et_pb_text _builder_version=\u00a0\u00bb4.27.5&Prime; _module_preset=\u00a0\u00bbe1439367-da3a-49f0-a4d2-074b26470f7a\u00a0\u00bb text_font=\u00a0\u00bbAmiri||||||||\u00a0\u00bb header_font=\u00a0\u00bbAmiri||||||||\u00a0\u00bb header_text_color=\u00a0\u00bb#b2b2b2&Prime; header_2_font=\u00a0\u00bbAmiri|||on|||||\u00a0\u00bb header_2_text_color=\u00a0\u00bb#b2b2b2&Prime; transform_translate=\u00a0\u00bb194px|-141px\u00a0\u00bb custom_margin=\u00a0\u00bb|-30vw|10px||false|false\u00a0\u00bb custom_margin_tablet=\u00a0\u00bb|0vw|||false|false\u00a0\u00bb custom_margin_phone=\u00a0\u00bb|0vw|||false|false\u00a0\u00bb custom_margin_last_edited=\u00a0\u00bbon|tablet\u00a0\u00bb global_colors_info=\u00a0\u00bb{}\u00a0\u00bb]<\/p>\n<h2>Let&rsquo;s Collaborate TOgether!<\/h2>\n<p>[\/et_pb_text][et_pb_button button_text=\u00a0\u00bbContactez nous  !\u00a0\u00bb _builder_version=\u00a0\u00bb4.27.5&Prime; _module_preset=\u00a0\u00bb75e85f25-4f2d-4a27-b22f-98212e97f118&Prime; button_text_color=\u00a0\u00bb#b2b2b2&Prime; button_bg_color=\u00a0\u00bb#00273d\u00a0\u00bb transform_translate=\u00a0\u00bb193px|-145px\u00a0\u00bb hover_enabled=\u00a0\u00bb0&Prime; global_colors_info=\u00a0\u00bb{}\u00a0\u00bb button_url=\u00a0\u00bbhttps:\/\/cms2517.commu.isfsc.be\/index.php\/contact\/\u00a0\u00bb sticky_enabled=\u00a0\u00bb0&Prime;][\/et_pb_button][\/et_pb_column][et_pb_column type=\u00a0\u00bb2_3&Prime; _builder_version=\u00a0\u00bb4.24.2&Prime; _module_preset=\u00a0\u00bbdefault\u00a0\u00bb background_color=\u00a0\u00bbgcid-f6d37c03-5d24-466a-817a-5f8f247bddac\u00a0\u00bb custom_padding=\u00a0\u00bb5vw||||false|false\u00a0\u00bb custom_padding_tablet=\u00a0\u00bb0vw||||false|false\u00a0\u00bb custom_padding_phone=\u00a0\u00bb0vw||||false|false\u00a0\u00bb custom_padding_last_edited=\u00a0\u00bbon|desktop\u00a0\u00bb global_colors_info=\u00a0\u00bb{%22gcid-f6d37c03-5d24-466a-817a-5f8f247bddac%22:%91%22background_color%22%93}\u00a0\u00bb][\/et_pb_column][\/et_pb_row][\/et_pb_section][et_pb_section fb_built=\u00a0\u00bb1&Prime; admin_label=\u00a0\u00bbFooter\u00a0\u00bb _builder_version=\u00a0\u00bb4.27.5&Prime; _module_preset=\u00a0\u00bbdefault\u00a0\u00bb background_color=\u00a0\u00bb#b2b2b2&Prime; global_module=\u00a0\u00bb473&Prime; saved_tabs=\u00a0\u00bball\u00a0\u00bb collapsed=\u00a0\u00bbon\u00a0\u00bb global_colors_info=\u00a0\u00bb{}\u00a0\u00bb][et_pb_row _builder_version=\u00a0\u00bb4.24.2&Prime; _module_preset=\u00a0\u00bbdefault\u00a0\u00bb width=\u00a0\u00bb90%\u00a0\u00bb max_width=\u00a0\u00bbnone\u00a0\u00bb locked=\u00a0\u00bboff\u00a0\u00bb global_colors_info=\u00a0\u00bb{}\u00a0\u00bb][et_pb_column type=\u00a0\u00bb4_4&Prime; _builder_version=\u00a0\u00bb4.24.2&Prime; _module_preset=\u00a0\u00bbdefault\u00a0\u00bb global_colors_info=\u00a0\u00bb{}\u00a0\u00bb][et_pb_text _builder_version=\u00a0\u00bb4.27.5&Prime; _module_preset=\u00a0\u00bbdefault\u00a0\u00bb text_font=\u00a0\u00bbAmiri|||on|||||\u00a0\u00bb text_text_color=\u00a0\u00bb#00273d\u00a0\u00bb text_font_size=\u00a0\u00bb100px\u00a0\u00bb text_letter_spacing=\u00a0\u00bb11px\u00a0\u00bb global_colors_info=\u00a0\u00bb{}\u00a0\u00bb]<\/p>\n<p style=\"text-align: left;\"><strong>COMPASS LAB<\/strong><\/p>\n<p>[\/et_pb_text][\/et_pb_column][\/et_pb_row][et_pb_row column_structure=\u00a0\u00bb1_4,1_4,1_4,1_4&Prime; _builder_version=\u00a0\u00bb4.24.2&Prime; _module_preset=\u00a0\u00bbdefault\u00a0\u00bb width=\u00a0\u00bb89.2%\u00a0\u00bb max_width=\u00a0\u00bbnone\u00a0\u00bb locked=\u00a0\u00bboff\u00a0\u00bb global_colors_info=\u00a0\u00bb{}\u00a0\u00bb][et_pb_column type=\u00a0\u00bb1_4&Prime; _builder_version=\u00a0\u00bb4.24.2&Prime; _module_preset=\u00a0\u00bbdefault\u00a0\u00bb global_colors_info=\u00a0\u00bb{}\u00a0\u00bb][et_pb_text _builder_version=\u00a0\u00bb4.27.5&Prime; _module_preset=\u00a0\u00bb45c42d4a-703e-43c3-a885-3ffff6e9389d\u00a0\u00bb text_font=\u00a0\u00bbAmiri||||||||\u00a0\u00bb header_4_text_color=\u00a0\u00bbgcid-026ff79c-cfbd-4464-8301-81adff325a85&Prime; custom_margin=\u00a0\u00bb||0px||false|false\u00a0\u00bb hover_enabled=\u00a0\u00bb0&Prime; global_colors_info=\u00a0\u00bb{%22gcid-026ff79c-cfbd-4464-8301-81adff325a85%22:%91%22header_4_text_color%22%93}\u00a0\u00bb link_option_url=\u00a0\u00bbhttps:\/\/cms2517.commu.isfsc.be\/index.php\/contact\/\u00a0\u00bb sticky_enabled=\u00a0\u00bb0&Prime;]<\/p>\n<h4>Contact<\/h4>\n<p>[\/et_pb_text][et_pb_text _builder_version=\u00a0\u00bb4.27.5&Prime; _module_preset=\u00a0\u00bbf83f7962-5777-49dd-a4b8-a32fb0127498&Prime; text_font=\u00a0\u00bbAmiri|500|||||||\u00a0\u00bb text_text_color=\u00a0\u00bb#000000&Prime; text_font_size=\u00a0\u00bb17px\u00a0\u00bb link_text_color=\u00a0\u00bb#000000&Prime; custom_margin=\u00a0\u00bb||10px||false|false\u00a0\u00bb global_colors_info=\u00a0\u00bb{}\u00a0\u00bb]<\/p>\n<p><a href=\"mailto:#\">Compasslab@gmail.com<\/a><\/p>\n<p>[\/et_pb_text][et_pb_text _builder_version=\u00a0\u00bb4.27.5&Prime; _module_preset=\u00a0\u00bbf83f7962-5777-49dd-a4b8-a32fb0127498&Prime; text_font=\u00a0\u00bbAmiri|500|||||||\u00a0\u00bb text_text_color=\u00a0\u00bb#000000&Prime; link_text_color=\u00a0\u00bb#000000&Prime; custom_margin=\u00a0\u00bb||10px||false|false\u00a0\u00bb global_colors_info=\u00a0\u00bb{}\u00a0\u00bb]<\/p>\n<p>XXX.XXX.XXX<\/p>\n<p>[\/et_pb_text][\/et_pb_column][et_pb_column type=\u00a0\u00bb1_4&Prime; _builder_version=\u00a0\u00bb4.24.2&Prime; _module_preset=\u00a0\u00bbdefault\u00a0\u00bb global_colors_info=\u00a0\u00bb{}\u00a0\u00bb][et_pb_text _builder_version=\u00a0\u00bb4.27.5&Prime; _module_preset=\u00a0\u00bb45c42d4a-703e-43c3-a885-3ffff6e9389d\u00a0\u00bb header_4_text_color=\u00a0\u00bbgcid-026ff79c-cfbd-4464-8301-81adff325a85&Prime; custom_margin=\u00a0\u00bb||0px||false|false\u00a0\u00bb global_colors_info=\u00a0\u00bb{%22gcid-026ff79c-cfbd-4464-8301-81adff325a85%22:%91%22header_4_text_color%22%93}\u00a0\u00bb]<\/p>\n<h4>Adresse<\/h4>\n<p>[\/et_pb_text][et_pb_text _builder_version=\u00a0\u00bb4.27.5&Prime; _module_preset=\u00a0\u00bbf83f7962-5777-49dd-a4b8-a32fb0127498&Prime; text_font=\u00a0\u00bbAmiri|500|||||||\u00a0\u00bb text_text_color=\u00a0\u00bb#000000&Prime; text_font_size=\u00a0\u00bb16px\u00a0\u00bb link_text_color=\u00a0\u00bb#000000&Prime; min_height=\u00a0\u00bb49.8px\u00a0\u00bb custom_margin=\u00a0\u00bb||10px||false|false\u00a0\u00bb global_colors_info=\u00a0\u00bb{}\u00a0\u00bb]<\/p>\n<p>Rue de la poste 111<br \/>1030 Schaerbeek<\/p>\n<p>Belgique<\/p>\n<p>[\/et_pb_text][\/et_pb_column][et_pb_column type=\u00a0\u00bb1_4&Prime; _builder_version=\u00a0\u00bb4.24.2&Prime; _module_preset=\u00a0\u00bbdefault\u00a0\u00bb global_colors_info=\u00a0\u00bb{}\u00a0\u00bb][et_pb_text _builder_version=\u00a0\u00bb4.24.2&Prime; _module_preset=\u00a0\u00bb45c42d4a-703e-43c3-a885-3ffff6e9389d\u00a0\u00bb header_4_text_color=\u00a0\u00bbgcid-026ff79c-cfbd-4464-8301-81adff325a85&Prime; custom_margin=\u00a0\u00bb||0px||false|false\u00a0\u00bb global_colors_info=\u00a0\u00bb{%22gcid-026ff79c-cfbd-4464-8301-81adff325a85%22:%91%22header_4_text_color%22%93}\u00a0\u00bb]<\/p>\n<h4>Follow Us<\/h4>\n<p>[\/et_pb_text][et_pb_text _builder_version=\u00a0\u00bb4.27.5&Prime; _module_preset=\u00a0\u00bbf83f7962-5777-49dd-a4b8-a32fb0127498&Prime; text_font=\u00a0\u00bbAmiri|500|||||||\u00a0\u00bb text_text_color=\u00a0\u00bb#000000&Prime; text_font_size=\u00a0\u00bb20px\u00a0\u00bb link_text_color=\u00a0\u00bb#000000&Prime; custom_margin=\u00a0\u00bb||10px||false|false\u00a0\u00bb global_colors_info=\u00a0\u00bb{}\u00a0\u00bb]<\/p>\n<p><a href=\"#\">Instagram<\/a><\/p>\n<p>[\/et_pb_text][et_pb_text _builder_version=\u00a0\u00bb4.27.5&Prime; _module_preset=\u00a0\u00bbf83f7962-5777-49dd-a4b8-a32fb0127498&Prime; text_font=\u00a0\u00bbAmiri|500|||||||\u00a0\u00bb text_text_color=\u00a0\u00bb#000000&Prime; text_font_size=\u00a0\u00bb20px\u00a0\u00bb link_text_color=\u00a0\u00bb#000000&Prime; custom_margin=\u00a0\u00bb||10px||false|false\u00a0\u00bb global_colors_info=\u00a0\u00bb{}\u00a0\u00bb]<\/p>\n<p><a href=\"#\">Facebook<\/a><\/p>\n<p>[\/et_pb_text][et_pb_text _builder_version=\u00a0\u00bb4.27.5&Prime; _module_preset=\u00a0\u00bbf83f7962-5777-49dd-a4b8-a32fb0127498&Prime; text_font=\u00a0\u00bbAmiri|500|||||||\u00a0\u00bb text_text_color=\u00a0\u00bb#000000&Prime; text_font_size=\u00a0\u00bb20px\u00a0\u00bb link_text_color=\u00a0\u00bb#000000&Prime; custom_margin=\u00a0\u00bb||10px||false|false\u00a0\u00bb global_colors_info=\u00a0\u00bb{}\u00a0\u00bb]<\/p>\n<p><a href=\"#\">X<\/a><\/p>\n<p>[\/et_pb_text][\/et_pb_column][et_pb_column type=\u00a0\u00bb1_4&Prime; _builder_version=\u00a0\u00bb4.24.2&Prime; _module_preset=\u00a0\u00bbdefault\u00a0\u00bb global_colors_info=\u00a0\u00bb{}\u00a0\u00bb][\/et_pb_column][\/et_pb_row][\/et_pb_section]<\/p>\n","protected":false},"excerpt":{"rendered":"<p>NOS projetsCette ann\u00e9e, nous avons d\u00e9velopp\u00e9 une campagne de communication 360 pour F\u00e4rm, dans le cadre de la reprise des magasins Ekoplaza en Flandre et de leur int\u00e9gration au r\u00e9seau F\u00e4rm. L\u2019enjeu principal \u00e9tait de rendre cette transition compr\u00e9hensible et rassurante, tout en conservant une image coh\u00e9rente sur l\u2019ensemble des points de contact. Pour poser [&hellip;]<\/p>\n","protected":false},"author":2,"featured_media":0,"parent":0,"menu_order":0,"comment_status":"closed","ping_status":"closed","template":"","meta":{"_et_pb_use_builder":"on","_et_pb_old_content":"","_et_gb_content_width":"","footnotes":""},"class_list":["post-495","page","type-page","status-publish","hentry"],"_links":{"self":[{"href":"https:\/\/cms2517.commu.isfsc.be\/index.php\/wp-json\/wp\/v2\/pages\/495","targetHints":{"allow":["GET"]}}],"collection":[{"href":"https:\/\/cms2517.commu.isfsc.be\/index.php\/wp-json\/wp\/v2\/pages"}],"about":[{"href":"https:\/\/cms2517.commu.isfsc.be\/index.php\/wp-json\/wp\/v2\/types\/page"}],"author":[{"embeddable":true,"href":"https:\/\/cms2517.commu.isfsc.be\/index.php\/wp-json\/wp\/v2\/users\/2"}],"replies":[{"embeddable":true,"href":"https:\/\/cms2517.commu.isfsc.be\/index.php\/wp-json\/wp\/v2\/comments?post=495"}],"version-history":[{"count":4,"href":"https:\/\/cms2517.commu.isfsc.be\/index.php\/wp-json\/wp\/v2\/pages\/495\/revisions"}],"predecessor-version":[{"id":560,"href":"https:\/\/cms2517.commu.isfsc.be\/index.php\/wp-json\/wp\/v2\/pages\/495\/revisions\/560"}],"wp:attachment":[{"href":"https:\/\/cms2517.commu.isfsc.be\/index.php\/wp-json\/wp\/v2\/media?parent=495"}],"curies":[{"name":"wp","href":"https:\/\/api.w.org\/{rel}","templated":true}]}}