{"id":455,"date":"2025-12-29T02:43:50","date_gmt":"2025-12-29T02:43:50","guid":{"rendered":"https:\/\/cms2517.commu.isfsc.be\/?page_id=455"},"modified":"2025-12-29T15:45:45","modified_gmt":"2025-12-29T15:45:45","slug":"a-propos","status":"publish","type":"page","link":"https:\/\/cms2517.commu.isfsc.be\/index.php\/a-propos\/","title":{"rendered":"A propos"},"content":{"rendered":"<p>[et_pb_section fb_built=\u00a0\u00bb1&Prime; admin_label=\u00a0\u00bbHeader\u00a0\u00bb _builder_version=\u00a0\u00bb4.27.5&Prime; _module_preset=\u00a0\u00bbdefault\u00a0\u00bb background_color=\u00a0\u00bbrgba(178,178,178,0.67)\u00a0\u00bb background_enable_pattern_style=\u00a0\u00bbon\u00a0\u00bb background_pattern_style=\u00a0\u00bbscallops\u00a0\u00bb locked=\u00a0\u00bboff\u00a0\u00bb collapsed=\u00a0\u00bbon\u00a0\u00bb global_colors_info=\u00a0\u00bb{}\u00a0\u00bb][et_pb_row _builder_version=\u00a0\u00bb4.24.2&Prime; _module_preset=\u00a0\u00bbdefault\u00a0\u00bb width=\u00a0\u00bb90%\u00a0\u00bb max_width=\u00a0\u00bb2000px\u00a0\u00bb global_colors_info=\u00a0\u00bb{}\u00a0\u00bb][et_pb_column type=\u00a0\u00bb4_4&Prime; _builder_version=\u00a0\u00bb4.24.2&Prime; _module_preset=\u00a0\u00bbdefault\u00a0\u00bb global_colors_info=\u00a0\u00bb{}\u00a0\u00bb][et_pb_text _builder_version=\u00a0\u00bb4.27.5&Prime; _module_preset=\u00a0\u00bbdefault\u00a0\u00bb text_font=\u00a0\u00bbAmiri||||||||\u00a0\u00bb text_text_color=\u00a0\u00bb#00273d\u00a0\u00bb text_font_size=\u00a0\u00bb74px\u00a0\u00bb transform_translate=\u00a0\u00bb4px|-30px\u00a0\u00bb global_colors_info=\u00a0\u00bb{}\u00a0\u00bb]<\/p>\n<p><span style=\"text-decoration: underline;\">L&rsquo;AGENCE<\/span><\/p>\n<p>[\/et_pb_text][\/et_pb_column][\/et_pb_row][et_pb_row _builder_version=\u00a0\u00bb4.24.2&Prime; _module_preset=\u00a0\u00bbdefault\u00a0\u00bb width=\u00a0\u00bb90%\u00a0\u00bb max_width=\u00a0\u00bb2000px\u00a0\u00bb global_colors_info=\u00a0\u00bb{}\u00a0\u00bb][et_pb_column type=\u00a0\u00bb4_4&Prime; _builder_version=\u00a0\u00bb4.24.2&Prime; _module_preset=\u00a0\u00bbdefault\u00a0\u00bb global_colors_info=\u00a0\u00bb{}\u00a0\u00bb][et_pb_text _builder_version=\u00a0\u00bb4.27.5&Prime; _module_preset=\u00a0\u00bb4aef0a85-b69c-4691-8052-2abb5a9a048f\u00a0\u00bb text_font=\u00a0\u00bbAmiri|500|||||||\u00a0\u00bb text_text_color=\u00a0\u00bb#00273d\u00a0\u00bb text_font_size=\u00a0\u00bb20px\u00a0\u00bb background_color=\u00a0\u00bbrgba(178,178,178,0.83)\u00a0\u00bb text_orientation=\u00a0\u00bbjustified\u00a0\u00bb width=\u00a0\u00bb100%\u00a0\u00bb custom_padding=\u00a0\u00bb||0px|||\u00a0\u00bb border_radii=\u00a0\u00bbon|2px|2px|2px|2px\u00a0\u00bb border_width_all=\u00a0\u00bb2px\u00a0\u00bb border_color_all=\u00a0\u00bb#00273d\u00a0\u00bb global_colors_info=\u00a0\u00bb{}\u00a0\u00bb]<\/p>\n<p><strong>Compass Lab est une agence de communication n\u00e9e \u00e0 Bruxelles, une ville o\u00f9 les id\u00e9es se croisent aussi naturellement que les gens. Nous sommes une \u00e9quipe d\u2019\u00e9tudiants en communication, anim\u00e9s par une m\u00eame envie : rendre les messages plus clairs, plus justes et plus m\u00e9morables. Chez nous, la cr\u00e9ativit\u00e9 n\u2019est pas une couche d\u00e9corative \u2014 c\u2019est un outil pour donner du sens et guider le public vers l\u2019essentiel.<\/strong><\/p>\n<p><strong>Notre approche commence toujours par comprendre : un brief, un contexte, une cible, une probl\u00e9matique. Ensuite, on structure : on d\u00e9finit un positionnement, des messages cl\u00e9s et une direction cr\u00e9ative coh\u00e9rente. Enfin, on concr\u00e9tise : identit\u00e9 visuelle, contenus, supports digitaux et print, campagnes pens\u00e9es pour fonctionner ensemble. On aime les concepts simples mais solides, ceux qui se d\u00e9clinent facilement et restent coh\u00e9rents partout.<\/strong><\/p>\n<p><strong>Notre philosophie de travail est tr\u00e8s concr\u00e8te : \u00e9couter, cadrer, produire, tester, ajuster. On pr\u00e9f\u00e8re une bonne question au bon moment plut\u00f4t qu\u2019une id\u00e9e \u201cjolie\u201d qui ne sert pas l\u2019objectif, et chaque choix \u2014 un mot, un visuel, un format \u2014 doit pouvoir se justifier. Nos valeurs se voient dans la fa\u00e7on dont on avance : on reformule pour clarifier, on cr\u00e9e un fil rouge pour assurer la coh\u00e9rence, on travaille avec m\u00e9thode et \u00e9tapes d\u00e9finies, et on privil\u00e9gie une collaboration simple et transparente, avec des retours r\u00e9guliers.<\/strong><\/p>\n<p><strong>Compass Lab, c\u2019est cette boussole qui aide un projet \u00e0 prendre une direction : une communication mieux organis\u00e9e, une image plus lisible, et des supports qui fonctionnent ensemble. Et parce que nous venons de Bruxelles, on garde cette \u00e9nergie d\u2019ouverture : on s\u2019inspire de ce qui nous entoure, on m\u00e9lange les influences, et on transforme les id\u00e9es en r\u00e9sultats concrets.<\/strong><\/p>\n<p>[\/et_pb_text][\/et_pb_column][\/et_pb_row][\/et_pb_section][et_pb_section fb_built=\u00a0\u00bb1&Prime; admin_label=\u00a0\u00bbFull Width Video\u00a0\u00bb _builder_version=\u00a0\u00bb4.27.5&Prime; _module_preset=\u00a0\u00bbdefault\u00a0\u00bb background_color=\u00a0\u00bb#00273d\u00a0\u00bb custom_padding=\u00a0\u00bb0px||0px||true|false\u00a0\u00bb border_width_all=\u00a0\u00bb2px\u00a0\u00bb locked=\u00a0\u00bboff\u00a0\u00bb collapsed=\u00a0\u00bbon\u00a0\u00bb global_colors_info=\u00a0\u00bb{}\u00a0\u00bb][et_pb_row column_structure=\u00a0\u00bb1_4,1_4,1_4,1_4&Prime; _builder_version=\u00a0\u00bb4.27.5&Prime; _module_preset=\u00a0\u00bbdefault\u00a0\u00bb global_colors_info=\u00a0\u00bb{}\u00a0\u00bb][et_pb_column type=\u00a0\u00bb1_4&Prime; _builder_version=\u00a0\u00bb4.27.5&Prime; _module_preset=\u00a0\u00bbdefault\u00a0\u00bb global_colors_info=\u00a0\u00bb{}\u00a0\u00bb][et_pb_team_member name=\u00a0\u00bbRayane\u00a0\u00bb position=\u00a0\u00bbDirection strat\u00e9gique\u00a0\u00bb image_url=\u00a0\u00bbhttps:\/\/cms2517.commu.isfsc.be\/wp-content\/uploads\/2025\/12\/rayane-detoure-scaled.png\u00a0\u00bb _builder_version=\u00a0\u00bb4.27.5&Prime; _module_preset=\u00a0\u00bbdefault\u00a0\u00bb header_font=\u00a0\u00bbAmiri|||on|||||\u00a0\u00bb header_text_align=\u00a0\u00bbcenter\u00a0\u00bb header_text_color=\u00a0\u00bb#b2b2b2&Prime; header_font_size=\u00a0\u00bb28px\u00a0\u00bb body_font=\u00a0\u00bbAmiri|||||on|||\u00a0\u00bb body_text_align=\u00a0\u00bbcenter\u00a0\u00bb body_text_color=\u00a0\u00bb#b2b2b2&Prime; body_line_height=\u00a0\u00bb1.4em\u00a0\u00bb transform_translate=\u00a0\u00bb70px|118px\u00a0\u00bb transform_translate_linked=\u00a0\u00bboff\u00a0\u00bb min_height=\u00a0\u00bb352.5px\u00a0\u00bb border_radii_image=\u00a0\u00bbon|8px|8px|8px|8px\u00a0\u00bb global_colors_info=\u00a0\u00bb{}\u00a0\u00bb]<\/p>\n<p>Rayane est responsable de la vision globale des projets. Il analyse les besoins des clients, d\u00e9finit les axes de communication et veille \u00e0 la coh\u00e9rence entre strat\u00e9gie, message et identit\u00e9 visuelle.<\/p>\n<p>[\/et_pb_team_member][\/et_pb_column][et_pb_column type=\u00a0\u00bb1_4&Prime; _builder_version=\u00a0\u00bb4.27.5&Prime; _module_preset=\u00a0\u00bbdefault\u00a0\u00bb global_colors_info=\u00a0\u00bb{}\u00a0\u00bb][et_pb_team_member name=\u00a0\u00bbLoubna\u00a0\u00bb position=\u00a0\u00bbcontenu\u00a0\u00bb image_url=\u00a0\u00bbhttps:\/\/cms2517.commu.isfsc.be\/wp-content\/uploads\/2025\/12\/Loubna-detoure-1.png\u00a0\u00bb _builder_version=\u00a0\u00bb4.27.5&Prime; _module_preset=\u00a0\u00bbdefault\u00a0\u00bb header_font=\u00a0\u00bbAmiri|||on|||||\u00a0\u00bb header_text_align=\u00a0\u00bbcenter\u00a0\u00bb header_text_color=\u00a0\u00bb#b2b2b2&Prime; header_font_size=\u00a0\u00bb28px\u00a0\u00bb body_font=\u00a0\u00bbAmiri|||||on|||\u00a0\u00bb body_text_align=\u00a0\u00bbcenter\u00a0\u00bb body_text_color=\u00a0\u00bb#b2b2b2&Prime; body_line_height=\u00a0\u00bb1.4em\u00a0\u00bb transform_translate=\u00a0\u00bb60px|118px\u00a0\u00bb transform_translate_linked=\u00a0\u00bboff\u00a0\u00bb min_height=\u00a0\u00bb356.6px\u00a0\u00bb border_radii_image=\u00a0\u00bbon|8px|8px|8px|8px\u00a0\u00bb global_colors_info=\u00a0\u00bb{}\u00a0\u00bb]<\/p>\n<p>Loubna con\u00e7oit les messages, les textes et les narrations. Elle s\u2019assure que chaque contenu est inclusif, authentique et align\u00e9 avec les valeurs de transparence et de justice sociale port\u00e9es par l\u2019agence.<\/p>\n<p>[\/et_pb_team_member][\/et_pb_column][et_pb_column type=\u00a0\u00bb1_4&Prime; _builder_version=\u00a0\u00bb4.27.5&Prime; _module_preset=\u00a0\u00bbdefault\u00a0\u00bb global_colors_info=\u00a0\u00bb{}\u00a0\u00bb][et_pb_team_member name=\u00a0\u00bbKawtar\u00a0\u00bb position=\u00a0\u00bbgestiun de projet\u00a0\u00bb image_url=\u00a0\u00bbhttps:\/\/cms2517.commu.isfsc.be\/wp-content\/uploads\/2025\/12\/Kawtatr-detoure-1.png\u00a0\u00bb _builder_version=\u00a0\u00bb4.27.5&Prime; _module_preset=\u00a0\u00bbdefault\u00a0\u00bb header_font=\u00a0\u00bbAmiri|||on|||||\u00a0\u00bb header_text_align=\u00a0\u00bbcenter\u00a0\u00bb header_text_color=\u00a0\u00bb#b2b2b2&Prime; header_font_size=\u00a0\u00bb28px\u00a0\u00bb body_font=\u00a0\u00bbAmiri|||||on|||\u00a0\u00bb body_text_align=\u00a0\u00bbcenter\u00a0\u00bb body_text_color=\u00a0\u00bb#b2b2b2&Prime; body_line_height=\u00a0\u00bb1.4em\u00a0\u00bb transform_translate=\u00a0\u00bb26px|118px\u00a0\u00bb border_radii_image=\u00a0\u00bbon|8px|8px|8px|8px\u00a0\u00bb global_colors_info=\u00a0\u00bb{}\u00a0\u00bb]<\/p>\n<p>Kawtar organise, planifie et coordonne les diff\u00e9rentes \u00e9tapes des projets. Elle veille au respect des d\u00e9lais, \u00e0 la qualit\u00e9 des livrables et \u00e0 la bonne communication entre les membres de l\u2019\u00e9quipe.<\/p>\n<p>[\/et_pb_team_member][\/et_pb_column][et_pb_column type=\u00a0\u00bb1_4&Prime; _builder_version=\u00a0\u00bb4.27.5&Prime; _module_preset=\u00a0\u00bbdefault\u00a0\u00bb global_colors_info=\u00a0\u00bb{}\u00a0\u00bb][et_pb_team_member name=\u00a0\u00bbsidonia\u00a0\u00bb position=\u00a0\u00bbdirection artistique\u00a0\u00bb image_url=\u00a0\u00bbhttps:\/\/cms2517.commu.isfsc.be\/wp-content\/uploads\/2025\/12\/Sidonia-detoure-scaled.png\u00a0\u00bb _builder_version=\u00a0\u00bb4.27.5&Prime; _module_preset=\u00a0\u00bbdefault\u00a0\u00bb header_font=\u00a0\u00bbAmiri|||on|||||\u00a0\u00bb header_text_align=\u00a0\u00bbcenter\u00a0\u00bb header_text_color=\u00a0\u00bb#b2b2b2&Prime; header_font_size=\u00a0\u00bb28px\u00a0\u00bb body_font=\u00a0\u00bbAmiri|||||on|||\u00a0\u00bb body_text_align=\u00a0\u00bbcenter\u00a0\u00bb body_text_color=\u00a0\u00bb#b2b2b2&Prime; body_line_height=\u00a0\u00bb1.4em\u00a0\u00bb min_height=\u00a0\u00bb38.9px\u00a0\u00bb border_radii_image=\u00a0\u00bbon|8px|8px|8px|8px\u00a0\u00bb global_colors_info=\u00a0\u00bb{}\u00a0\u00bb]<\/p>\n<p>Sidonia est en charge de l\u2019univers visuel et cr\u00e9atif. Elle d\u00e9veloppe les concepts graphiques, explore de nouvelles pistes cr\u00e9atives et donne une identit\u00e9 forte et singuli\u00e8re \u00e0 chaque projet.<\/p>\n<p>[\/et_pb_team_member][\/et_pb_column][\/et_pb_row][\/et_pb_section][et_pb_section fb_built=\u00a0\u00bb1&Prime; admin_label=\u00a0\u00bbFooter\u00a0\u00bb _builder_version=\u00a0\u00bb4.27.5&Prime; _module_preset=\u00a0\u00bbdefault\u00a0\u00bb background_color=\u00a0\u00bb#b2b2b2&Prime; global_module=\u00a0\u00bb473&Prime; saved_tabs=\u00a0\u00bball\u00a0\u00bb collapsed=\u00a0\u00bbon\u00a0\u00bb global_colors_info=\u00a0\u00bb{}\u00a0\u00bb][et_pb_row _builder_version=\u00a0\u00bb4.24.2&Prime; _module_preset=\u00a0\u00bbdefault\u00a0\u00bb width=\u00a0\u00bb90%\u00a0\u00bb max_width=\u00a0\u00bbnone\u00a0\u00bb locked=\u00a0\u00bboff\u00a0\u00bb global_colors_info=\u00a0\u00bb{}\u00a0\u00bb][et_pb_column type=\u00a0\u00bb4_4&Prime; _builder_version=\u00a0\u00bb4.24.2&Prime; _module_preset=\u00a0\u00bbdefault\u00a0\u00bb global_colors_info=\u00a0\u00bb{}\u00a0\u00bb][et_pb_text _builder_version=\u00a0\u00bb4.27.5&Prime; _module_preset=\u00a0\u00bbdefault\u00a0\u00bb text_font=\u00a0\u00bbAmiri|||on|||||\u00a0\u00bb text_text_color=\u00a0\u00bb#00273d\u00a0\u00bb text_font_size=\u00a0\u00bb100px\u00a0\u00bb text_letter_spacing=\u00a0\u00bb11px\u00a0\u00bb global_colors_info=\u00a0\u00bb{}\u00a0\u00bb]<\/p>\n<p style=\"text-align: left;\"><strong>COMPASS LAB<\/strong><\/p>\n<p>[\/et_pb_text][\/et_pb_column][\/et_pb_row][et_pb_row column_structure=\u00a0\u00bb1_4,1_4,1_4,1_4&Prime; _builder_version=\u00a0\u00bb4.24.2&Prime; _module_preset=\u00a0\u00bbdefault\u00a0\u00bb width=\u00a0\u00bb89.2%\u00a0\u00bb max_width=\u00a0\u00bbnone\u00a0\u00bb locked=\u00a0\u00bboff\u00a0\u00bb global_colors_info=\u00a0\u00bb{}\u00a0\u00bb][et_pb_column type=\u00a0\u00bb1_4&Prime; _builder_version=\u00a0\u00bb4.24.2&Prime; _module_preset=\u00a0\u00bbdefault\u00a0\u00bb global_colors_info=\u00a0\u00bb{}\u00a0\u00bb][et_pb_text _builder_version=\u00a0\u00bb4.27.5&Prime; _module_preset=\u00a0\u00bb45c42d4a-703e-43c3-a885-3ffff6e9389d\u00a0\u00bb text_font=\u00a0\u00bbAmiri||||||||\u00a0\u00bb header_4_text_color=\u00a0\u00bbgcid-026ff79c-cfbd-4464-8301-81adff325a85&Prime; custom_margin=\u00a0\u00bb||0px||false|false\u00a0\u00bb link_option_url=\u00a0\u00bbhttps:\/\/cms2517.commu.isfsc.be\/index.php\/contact\/\u00a0\u00bb global_colors_info=\u00a0\u00bb{%22gcid-026ff79c-cfbd-4464-8301-81adff325a85%22:%91%22header_4_text_color%22%93}\u00a0\u00bb]<\/p>\n<h4>Contact<\/h4>\n<p>[\/et_pb_text][et_pb_text _builder_version=\u00a0\u00bb4.27.5&Prime; _module_preset=\u00a0\u00bbf83f7962-5777-49dd-a4b8-a32fb0127498&Prime; text_font=\u00a0\u00bbAmiri|500|||||||\u00a0\u00bb text_text_color=\u00a0\u00bb#000000&Prime; text_font_size=\u00a0\u00bb17px\u00a0\u00bb link_text_color=\u00a0\u00bb#000000&Prime; custom_margin=\u00a0\u00bb||10px||false|false\u00a0\u00bb global_colors_info=\u00a0\u00bb{}\u00a0\u00bb]<\/p>\n<p><a href=\"mailto:#\">Compasslab@gmail.com<\/a><\/p>\n<p>[\/et_pb_text][et_pb_text _builder_version=\u00a0\u00bb4.27.5&Prime; _module_preset=\u00a0\u00bbf83f7962-5777-49dd-a4b8-a32fb0127498&Prime; text_font=\u00a0\u00bbAmiri|500|||||||\u00a0\u00bb text_text_color=\u00a0\u00bb#000000&Prime; link_text_color=\u00a0\u00bb#000000&Prime; custom_margin=\u00a0\u00bb||10px||false|false\u00a0\u00bb global_colors_info=\u00a0\u00bb{}\u00a0\u00bb]<\/p>\n<p>XXX.XXX.XXX<\/p>\n<p>[\/et_pb_text][\/et_pb_column][et_pb_column type=\u00a0\u00bb1_4&Prime; _builder_version=\u00a0\u00bb4.24.2&Prime; _module_preset=\u00a0\u00bbdefault\u00a0\u00bb global_colors_info=\u00a0\u00bb{}\u00a0\u00bb][et_pb_text _builder_version=\u00a0\u00bb4.27.5&Prime; _module_preset=\u00a0\u00bb45c42d4a-703e-43c3-a885-3ffff6e9389d\u00a0\u00bb header_4_text_color=\u00a0\u00bbgcid-026ff79c-cfbd-4464-8301-81adff325a85&Prime; custom_margin=\u00a0\u00bb||0px||false|false\u00a0\u00bb global_colors_info=\u00a0\u00bb{%22gcid-026ff79c-cfbd-4464-8301-81adff325a85%22:%91%22header_4_text_color%22%93}\u00a0\u00bb]<\/p>\n<h4>Adresse<\/h4>\n<p>[\/et_pb_text][et_pb_text _builder_version=\u00a0\u00bb4.27.5&Prime; _module_preset=\u00a0\u00bbf83f7962-5777-49dd-a4b8-a32fb0127498&Prime; text_font=\u00a0\u00bbAmiri|500|||||||\u00a0\u00bb text_text_color=\u00a0\u00bb#000000&Prime; text_font_size=\u00a0\u00bb16px\u00a0\u00bb link_text_color=\u00a0\u00bb#000000&Prime; min_height=\u00a0\u00bb49.8px\u00a0\u00bb custom_margin=\u00a0\u00bb||10px||false|false\u00a0\u00bb global_colors_info=\u00a0\u00bb{}\u00a0\u00bb]<\/p>\n<p>Rue de la poste 111<br \/>1030 Schaerbeek<\/p>\n<p>Belgique<\/p>\n<p>[\/et_pb_text][\/et_pb_column][et_pb_column type=\u00a0\u00bb1_4&Prime; _builder_version=\u00a0\u00bb4.24.2&Prime; _module_preset=\u00a0\u00bbdefault\u00a0\u00bb global_colors_info=\u00a0\u00bb{}\u00a0\u00bb][et_pb_text _builder_version=\u00a0\u00bb4.24.2&Prime; _module_preset=\u00a0\u00bb45c42d4a-703e-43c3-a885-3ffff6e9389d\u00a0\u00bb header_4_text_color=\u00a0\u00bbgcid-026ff79c-cfbd-4464-8301-81adff325a85&Prime; custom_margin=\u00a0\u00bb||0px||false|false\u00a0\u00bb global_colors_info=\u00a0\u00bb{%22gcid-026ff79c-cfbd-4464-8301-81adff325a85%22:%91%22header_4_text_color%22%93}\u00a0\u00bb]<\/p>\n<h4>Follow Us<\/h4>\n<p>[\/et_pb_text][et_pb_text _builder_version=\u00a0\u00bb4.27.5&Prime; _module_preset=\u00a0\u00bbf83f7962-5777-49dd-a4b8-a32fb0127498&Prime; text_font=\u00a0\u00bbAmiri|500|||||||\u00a0\u00bb text_text_color=\u00a0\u00bb#000000&Prime; text_font_size=\u00a0\u00bb20px\u00a0\u00bb link_text_color=\u00a0\u00bb#000000&Prime; custom_margin=\u00a0\u00bb||10px||false|false\u00a0\u00bb global_colors_info=\u00a0\u00bb{}\u00a0\u00bb]<\/p>\n<p><a href=\"#\">Instagram<\/a><\/p>\n<p>[\/et_pb_text][et_pb_text _builder_version=\u00a0\u00bb4.27.5&Prime; _module_preset=\u00a0\u00bbf83f7962-5777-49dd-a4b8-a32fb0127498&Prime; text_font=\u00a0\u00bbAmiri|500|||||||\u00a0\u00bb text_text_color=\u00a0\u00bb#000000&Prime; text_font_size=\u00a0\u00bb20px\u00a0\u00bb link_text_color=\u00a0\u00bb#000000&Prime; custom_margin=\u00a0\u00bb||10px||false|false\u00a0\u00bb global_colors_info=\u00a0\u00bb{}\u00a0\u00bb]<\/p>\n<p><a href=\"#\">Facebook<\/a><\/p>\n<p>[\/et_pb_text][et_pb_text _builder_version=\u00a0\u00bb4.27.5&Prime; _module_preset=\u00a0\u00bbf83f7962-5777-49dd-a4b8-a32fb0127498&Prime; text_font=\u00a0\u00bbAmiri|500|||||||\u00a0\u00bb text_text_color=\u00a0\u00bb#000000&Prime; text_font_size=\u00a0\u00bb20px\u00a0\u00bb link_text_color=\u00a0\u00bb#000000&Prime; custom_margin=\u00a0\u00bb||10px||false|false\u00a0\u00bb global_colors_info=\u00a0\u00bb{}\u00a0\u00bb]<\/p>\n<p><a href=\"#\">X<\/a><\/p>\n<p>[\/et_pb_text][\/et_pb_column][et_pb_column type=\u00a0\u00bb1_4&Prime; _builder_version=\u00a0\u00bb4.24.2&Prime; _module_preset=\u00a0\u00bbdefault\u00a0\u00bb global_colors_info=\u00a0\u00bb{}\u00a0\u00bb][\/et_pb_column][\/et_pb_row][\/et_pb_section]<\/p>\n","protected":false},"excerpt":{"rendered":"<p>L&rsquo;AGENCECompass Lab est une agence de communication n\u00e9e \u00e0 Bruxelles, une ville o\u00f9 les id\u00e9es se croisent aussi naturellement que les gens. Nous sommes une \u00e9quipe d\u2019\u00e9tudiants en communication, anim\u00e9s par une m\u00eame envie : rendre les messages plus clairs, plus justes et plus m\u00e9morables. Chez nous, la cr\u00e9ativit\u00e9 n\u2019est pas une couche d\u00e9corative \u2014 [&hellip;]<\/p>\n","protected":false},"author":2,"featured_media":0,"parent":0,"menu_order":0,"comment_status":"closed","ping_status":"closed","template":"","meta":{"_et_pb_use_builder":"on","_et_pb_old_content":"","_et_gb_content_width":"","footnotes":""},"class_list":["post-455","page","type-page","status-publish","hentry"],"_links":{"self":[{"href":"https:\/\/cms2517.commu.isfsc.be\/index.php\/wp-json\/wp\/v2\/pages\/455","targetHints":{"allow":["GET"]}}],"collection":[{"href":"https:\/\/cms2517.commu.isfsc.be\/index.php\/wp-json\/wp\/v2\/pages"}],"about":[{"href":"https:\/\/cms2517.commu.isfsc.be\/index.php\/wp-json\/wp\/v2\/types\/page"}],"author":[{"embeddable":true,"href":"https:\/\/cms2517.commu.isfsc.be\/index.php\/wp-json\/wp\/v2\/users\/2"}],"replies":[{"embeddable":true,"href":"https:\/\/cms2517.commu.isfsc.be\/index.php\/wp-json\/wp\/v2\/comments?post=455"}],"version-history":[{"count":7,"href":"https:\/\/cms2517.commu.isfsc.be\/index.php\/wp-json\/wp\/v2\/pages\/455\/revisions"}],"predecessor-version":[{"id":580,"href":"https:\/\/cms2517.commu.isfsc.be\/index.php\/wp-json\/wp\/v2\/pages\/455\/revisions\/580"}],"wp:attachment":[{"href":"https:\/\/cms2517.commu.isfsc.be\/index.php\/wp-json\/wp\/v2\/media?parent=455"}],"curies":[{"name":"wp","href":"https:\/\/api.w.org\/{rel}","templated":true}]}}